{"id":1915,"date":"2024-10-21T09:17:02","date_gmt":"2024-10-21T09:17:02","guid":{"rendered":"https:\/\/www.picda.com\/?page_id=1915"},"modified":"2026-02-16T09:05:49","modified_gmt":"2026-02-16T09:05:49","slug":"sostenibilidad-2","status":"publish","type":"page","link":"https:\/\/www.picda.com\/en\/sostenibilidad-2\/","title":{"rendered":"RSC"},"content":{"rendered":"<p class=\"qtranxs-available-languages-message qtranxs-available-languages-message-en\">Sorry, this entry is only available in <a href=\"https:\/\/www.picda.com\/es\/wp-json\/wp\/v2\/pages\/1915\" class=\"qtranxs-available-language-link qtranxs-available-language-link-es\" title=\"Espa\u00f1ol\">Espa\u00f1ol<\/a>. For the sake of viewer convenience, the content is shown below in the alternative language. You may click the link to switch the active language.<\/p><p>En PICDA, nuestra estrategia de sostenibilidad integra acciones reales para reducir el impacto clim\u00e1tico de nuestras operaciones, no solo en lo que controlamos directamente, sino tambi\u00e9n en toda nuestra cadena de valor. Por ello, trabajamos activamente en la reducci\u00f3n de nuestras emisiones de <strong>alcance 2<\/strong> y <strong>alcance 3<\/strong>, en l\u00ednea con los est\u00e1ndares del <strong>GRI (Global Reporting Initiative) descritos en el EINF<\/strong>.<\/p>\n<p><strong>Alcance 2: Reducci\u00f3n de emisiones por consumo el\u00e9ctrico<\/strong><\/p>\n<p>Las emisiones de alcance 2 est\u00e1n vinculadas a la electricidad que consumimos para desarrollar nuestra actividad. Nuestros compromisos para reducirlas incluyen:<\/p>\n<ul>\n<li>La <strong>instalaci\u00f3n de placas solares en nuestra cubierta<\/strong>, lo que nos permite generar parte de nuestra energ\u00eda a partir de fuentes 100% renovables.<\/li>\n<li>La <strong>mejora de la eficiencia energ\u00e9tica<\/strong> de nuestros procesos e instalaciones.<\/li>\n<li>La <strong>monitorizaci\u00f3n del consumo el\u00e9ctrico<\/strong>, para identificar mejoras y reducir emisiones indirectas.<\/li>\n<\/ul>\n<p><strong>Alcance 3: Colaboraci\u00f3n en toda la cadena de valor<\/strong><\/p>\n<p>Tambi\u00e9n asumimos el reto de reducir las emisiones de alcance 3, que se generan fuera de nuestras instalaciones, como consecuencia de actividades relacionadas, especialmente el transporte y la cadena de suministro. Para ello:<\/p>\n<ul>\n<li>Apostamos por <strong>trabajar con proveedores locales y de proximidad<\/strong>, reduciendo significativamente las emisiones asociadas al transporte de materias primas.<\/li>\n<li>Promovemos una <strong>log\u00edstica m\u00e1s eficiente y sostenible<\/strong>, optimizando rutas y cargas.<\/li>\n<\/ul>\n<p>Con estas acciones, PICDA avanza en su compromiso con una econom\u00eda m\u00e1s limpia, local y circular. Entendemos que reducir nuestras emisiones indirectas no solo es un imperativo ambiental, sino tambi\u00e9n una oportunidad de generar valor compartido.<\/p>\n<ul>\n<li><strong>Canal de Denuncias<\/strong><br \/>\n<a href=\"http:\/\/www.picda.com\/wp-content\/uploads\/2024\/10\/PROTOCOLO-CANAL-DENUNCIAS-copia.pdf\"><em>Dossier Informativo del Canal de Denuncias<\/em><\/a><br \/>\n<em><a href=\"https:\/\/www.picda.com\/compliance\/\">COMPLIANCE \u2013 Picda<\/a><\/em><\/li>\n<li><strong>EMPRESA SOCIA DE SEDEX<\/strong><br \/>\n<em><a href=\"http:\/\/www.picda.com\/wp-content\/uploads\/2024\/10\/SAQ_ZS406033959.pdf\">Empresa socia SEDEX<\/a><\/em><\/li>\n<li><strong>INFORME EINF<\/strong><br \/>\n<em><a href=\"\/wp-content\/uploads\/2025\/06\/EINF-2024.pdf\">Informe EINF<\/a><\/em><\/li>\n<li><strong>C\u00d3DIGO \u00c9TICO DEL EQUIPO<\/strong><br \/>\n<em><a href=\"http:\/\/www.picda.com\/wp-content\/uploads\/2024\/10\/23.1-CODIGO-ETICO-DEL-EQUIPO-PICDA.pdf\">C\u00f3digo \u00e9tico del equipo PICDA<\/a><\/em><\/li>\n<li><strong>CONVENIO COLECTIVO PARA LAS INDUSTRIAS DE MATERIAS PL\u00c1STICAS DE LA PROVINCIA DE VALENCIA<\/strong><br \/>\n<em><a href=\"http:\/\/www.picda.com\/wp-content\/uploads\/2026\/02\/Butlleti-Oficial-de-la-Provincia-de-Valencia.pdf\">Convenio colectivo<\/a><\/em><\/li>\n<li><strong>TABLAS SALARIALES VIGENTES<\/strong><br \/>\n<em><a href=\"http:\/\/www.picda.com\/wp-content\/uploads\/2026\/02\/TABLAS-SALARIALES-2026.pdf\">Tablas salariales 2026<\/a><\/em><\/li>\n<li><strong>C\u00d3DIGO DE CONDUCTA DE FABRICANTES Y PROVEEDORES<\/strong><br \/>\n<em><a href=\"http:\/\/www.picda.com\/wp-content\/uploads\/2024\/10\/CODIGO-DE-CONDUCTA-DE-FABRICANTES-Y-PROVEEDORES.pdf\">C\u00f3digo de conducta de fabricantes y proveedores<\/a><\/em><\/li>\n<li><strong>POL\u00cdTICA COMPRAS SOSTENIBLES<\/strong><br \/>\n<em><a href=\"http:\/\/www.picda.com\/wp-content\/uploads\/2025\/05\/POLITICA-COMPRAS-SOSTENIBLES.pdf\">Pol\u00edtica de compras sostenibles<\/a><\/em><\/li>\n<li><strong>PROTECCI\u00d3N DE DATOS<\/strong><br \/>\n<em><a href=\"http:\/\/www.picda.com\/wp-content\/uploads\/2024\/09\/PROTOCOLO_LOPD.pdf\">Pol\u00edtica de protecci\u00f3n de datos<\/a><\/em><\/li>\n<\/ul>\n<p><\/p>","protected":false},"excerpt":{"rendered":"<p>Sorry, this entry is only available in Espa\u00f1ol. For the sake of viewer convenience, the content is shown below in the alternative language. You may click the link to switch the active language.En PICDA, nuestra estrategia de sostenibilidad integra acciones reales para reducir el impacto clim\u00e1tico de nuestras operaciones, no solo en lo que controlamos [&hellip;]<\/p>\n","protected":false},"author":1,"featured_media":0,"parent":0,"menu_order":18,"comment_status":"closed","ping_status":"closed","template":"","meta":{"footnotes":""},"class_list":["post-1915","page","type-page","status-publish","hentry"],"_links":{"self":[{"href":"https:\/\/www.picda.com\/en\/wp-json\/wp\/v2\/pages\/1915","targetHints":{"allow":["GET"]}}],"collection":[{"href":"https:\/\/www.picda.com\/en\/wp-json\/wp\/v2\/pages"}],"about":[{"href":"https:\/\/www.picda.com\/en\/wp-json\/wp\/v2\/types\/page"}],"author":[{"embeddable":true,"href":"https:\/\/www.picda.com\/en\/wp-json\/wp\/v2\/users\/1"}],"replies":[{"embeddable":true,"href":"https:\/\/www.picda.com\/en\/wp-json\/wp\/v2\/comments?post=1915"}],"version-history":[{"count":12,"href":"https:\/\/www.picda.com\/en\/wp-json\/wp\/v2\/pages\/1915\/revisions"}],"predecessor-version":[{"id":2136,"href":"https:\/\/www.picda.com\/en\/wp-json\/wp\/v2\/pages\/1915\/revisions\/2136"}],"wp:attachment":[{"href":"https:\/\/www.picda.com\/en\/wp-json\/wp\/v2\/media?parent=1915"}],"curies":[{"name":"wp","href":"https:\/\/api.w.org\/{rel}","templated":true}]}}