{"id":344,"date":"2017-01-19T09:49:58","date_gmt":"2017-01-19T09:49:58","guid":{"rendered":"http:\/\/localhost:8888\/picda\/?page_id=344"},"modified":"2017-03-24T16:16:05","modified_gmt":"2017-03-24T16:16:05","slug":"proceso-de-produccion","status":"publish","type":"page","link":"https:\/\/www.picda.com\/en\/proceso-de-produccion\/","title":{"rendered":"PRODUCTION PROCESS"},"content":{"rendered":"<p>Pioneras en los a\u00f1os 60 en fabricaci\u00f3n de bolsas de pl\u00e1stico, en los 70 de la impresi\u00f3n en flexograf\u00eda y fabricaci\u00f3n de bolsas de camiseta, en los 80 con la adquisici\u00f3n de la primera prensa de tambor central para cuatricrom\u00eda alcanzando gran prestigio nacional, ya durante los 90 introduciendo la tecnolog\u00eda multicapa y apostando por la internacionalizaci\u00f3n de la compa\u00f1\u00eda, a primeros del presente siglo con la utilizaci\u00f3n de materiales reciclados en nuestros productos,\u00a0 es en la actualidad un referente europeo de econom\u00eda circular y gesti\u00f3n moderna y responsable, siendo nuestra convicci\u00f3n para el presente avanzar hacia la industria 4.0<\/p>\n<p>Desde nuestros inicios nos hemos especializado en una amplia variedad de bolsas de pl\u00e1stico y film para envasado autom\u00e1tico, diversificando en los \u00faltimos tiempos nuestro portafolio de producto con la introducci\u00f3n de la fabricaci\u00f3n de bolsas de papel.<\/p>\n<p>La continua inversi\u00f3n en maquinaria de \u00faltima generaci\u00f3n, tecnolog\u00eda e instalaciones, junto con un equipo humano altamente cualificado y el firme convencimiento en un desarrollo medioambiental responsable, hacen de PICDA una apuesta segura en su elecci\u00f3n como fabricante.<\/p>\n<p>La pasi\u00f3n y flexibilidad para adaptarnos a cada cliente son nuestros valores y fortaleza como empresa.<\/p>","protected":false},"excerpt":{"rendered":"<p>Pioneras en los a\u00f1os 60 en fabricaci\u00f3n de bolsas de pl\u00e1stico, en los 70 de la impresi\u00f3n en flexograf\u00eda y fabricaci\u00f3n de bolsas de camiseta, en los 80 con la adquisici\u00f3n de la primera prensa de tambor central para cuatricrom\u00eda alcanzando gran prestigio nacional, ya durante los 90 introduciendo la tecnolog\u00eda multicapa y apostando por [&hellip;]<\/p>\n","protected":false},"author":1,"featured_media":0,"parent":0,"menu_order":17,"comment_status":"closed","ping_status":"closed","template":"page_procesos.php","meta":{"footnotes":""},"class_list":["post-344","page","type-page","status-publish","hentry"],"_links":{"self":[{"href":"https:\/\/www.picda.com\/en\/wp-json\/wp\/v2\/pages\/344","targetHints":{"allow":["GET"]}}],"collection":[{"href":"https:\/\/www.picda.com\/en\/wp-json\/wp\/v2\/pages"}],"about":[{"href":"https:\/\/www.picda.com\/en\/wp-json\/wp\/v2\/types\/page"}],"author":[{"embeddable":true,"href":"https:\/\/www.picda.com\/en\/wp-json\/wp\/v2\/users\/1"}],"replies":[{"embeddable":true,"href":"https:\/\/www.picda.com\/en\/wp-json\/wp\/v2\/comments?post=344"}],"version-history":[{"count":0,"href":"https:\/\/www.picda.com\/en\/wp-json\/wp\/v2\/pages\/344\/revisions"}],"wp:attachment":[{"href":"https:\/\/www.picda.com\/en\/wp-json\/wp\/v2\/media?parent=344"}],"curies":[{"name":"wp","href":"https:\/\/api.w.org\/{rel}","templated":true}]}}